{"id":33996,"date":"2023-10-19T19:14:46","date_gmt":"2023-10-19T17:14:46","guid":{"rendered":"https:\/\/les-naturalistes.com\/shop\/?page_id=33996"},"modified":"2025-03-25T12:24:15","modified_gmt":"2025-03-25T11:24:15","slug":"faq","status":"publish","type":"page","link":"https:\/\/les-naturalistes.com\/shop\/faq\/","title":{"rendered":"FAQ"},"content":{"rendered":"[vc_row type=\u00a0\u00bbfull_width_content\u00a0\u00bb full_screen_row_position=\u00a0\u00bbmiddle\u00a0\u00bb column_margin=\u00a0\u00bbdefault\u00a0\u00bb column_direction=\u00a0\u00bbdefault\u00a0\u00bb column_direction_tablet=\u00a0\u00bbdefault\u00a0\u00bb column_direction_phone=\u00a0\u00bbdefault\u00a0\u00bb bg_color=\u00a0\u00bb#ffffff\u00a0\u00bb scene_position=\u00a0\u00bbcenter\u00a0\u00bb top_padding=\u00a0\u00bb8%\u00a0\u00bb left_padding_desktop=\u00a0\u00bb10%\u00a0\u00bb constrain_group_2=\u00a0\u00bbyes\u00a0\u00bb right_padding_desktop=\u00a0\u00bb10%\u00a0\u00bb text_color=\u00a0\u00bbdark\u00a0\u00bb text_align=\u00a0\u00bbcenter\u00a0\u00bb row_border_radius=\u00a0\u00bbnone\u00a0\u00bb row_border_radius_applies=\u00a0\u00bbbg\u00a0\u00bb overflow=\u00a0\u00bbvisible\u00a0\u00bb overlay_strength=\u00a0\u00bb0.3&Prime; gradient_direction=\u00a0\u00bbleft_to_right\u00a0\u00bb shape_divider_position=\u00a0\u00bbbottom\u00a0\u00bb bg_image_animation=\u00a0\u00bbnone\u00a0\u00bb gradient_type=\u00a0\u00bbdefault\u00a0\u00bb shape_type=\u00a0\u00bb\u00a0\u00bb][vc_column column_padding=\u00a0\u00bbno-extra-padding\u00a0\u00bb column_padding_tablet=\u00a0\u00bbinherit\u00a0\u00bb column_padding_phone=\u00a0\u00bbinherit\u00a0\u00bb column_padding_position=\u00a0\u00bball\u00a0\u00bb column_element_direction_desktop=\u00a0\u00bbdefault\u00a0\u00bb column_element_spacing=\u00a0\u00bbdefault\u00a0\u00bb desktop_text_alignment=\u00a0\u00bbdefault\u00a0\u00bb tablet_text_alignment=\u00a0\u00bbdefault\u00a0\u00bb phone_text_alignment=\u00a0\u00bbdefault\u00a0\u00bb background_color_opacity=\u00a0\u00bb1&Prime; background_hover_color_opacity=\u00a0\u00bb1&Prime; column_backdrop_filter=\u00a0\u00bbnone\u00a0\u00bb column_shadow=\u00a0\u00bbnone\u00a0\u00bb column_border_radius=\u00a0\u00bbnone\u00a0\u00bb column_link_target=\u00a0\u00bb_self\u00a0\u00bb column_position=\u00a0\u00bbdefault\u00a0\u00bb gradient_direction=\u00a0\u00bbleft_to_right\u00a0\u00bb overlay_strength=\u00a0\u00bb0.3&Prime; width=\u00a0\u00bb1\/1&Prime; tablet_width_inherit=\u00a0\u00bbdefault\u00a0\u00bb animation_type=\u00a0\u00bbdefault\u00a0\u00bb bg_image_animation=\u00a0\u00bbnone\u00a0\u00bb border_type=\u00a0\u00bbsimple\u00a0\u00bb column_border_width=\u00a0\u00bbnone\u00a0\u00bb column_border_style=\u00a0\u00bbsolid\u00a0\u00bb][vc_row_inner column_margin=\u00a0\u00bbdefault\u00a0\u00bb column_direction=\u00a0\u00bbdefault\u00a0\u00bb column_direction_tablet=\u00a0\u00bbdefault\u00a0\u00bb column_direction_phone=\u00a0\u00bbdefault\u00a0\u00bb bottom_padding=\u00a0\u00bb4%\u00a0\u00bb text_align=\u00a0\u00bbleft\u00a0\u00bb row_position=\u00a0\u00bbdefault\u00a0\u00bb row_position_tablet=\u00a0\u00bbinherit\u00a0\u00bb row_position_phone=\u00a0\u00bbinherit\u00a0\u00bb overflow=\u00a0\u00bbvisible\u00a0\u00bb pointer_events=\u00a0\u00bball\u00a0\u00bb][vc_column_inner column_padding=\u00a0\u00bbno-extra-padding\u00a0\u00bb column_padding_tablet=\u00a0\u00bbinherit\u00a0\u00bb column_padding_phone=\u00a0\u00bbinherit\u00a0\u00bb column_padding_position=\u00a0\u00bball\u00a0\u00bb column_element_direction_desktop=\u00a0\u00bbdefault\u00a0\u00bb column_element_spacing=\u00a0\u00bbdefault\u00a0\u00bb centered_text=\u00a0\u00bbtrue\u00a0\u00bb desktop_text_alignment=\u00a0\u00bbdefault\u00a0\u00bb tablet_text_alignment=\u00a0\u00bbdefault\u00a0\u00bb phone_text_alignment=\u00a0\u00bbdefault\u00a0\u00bb background_color_opacity=\u00a0\u00bb1&Prime; background_hover_color_opacity=\u00a0\u00bb1&Prime; column_backdrop_filter=\u00a0\u00bbnone\u00a0\u00bb column_shadow=\u00a0\u00bbnone\u00a0\u00bb column_border_radius=\u00a0\u00bbnone\u00a0\u00bb column_link_target=\u00a0\u00bb_self\u00a0\u00bb overflow=\u00a0\u00bbvisible\u00a0\u00bb advanced_gradient_angle=\u00a0\u00bb0&Prime; gradient_direction=\u00a0\u00bbleft_to_right\u00a0\u00bb overlay_strength=\u00a0\u00bb0.3&Prime; width=\u00a0\u00bb1\/1&Prime; tablet_width_inherit=\u00a0\u00bbdefault\u00a0\u00bb animation_type=\u00a0\u00bbdefault\u00a0\u00bb bg_image_animation=\u00a0\u00bbnone\u00a0\u00bb border_type=\u00a0\u00bbsimple\u00a0\u00bb column_border_width=\u00a0\u00bbnone\u00a0\u00bb column_border_style=\u00a0\u00bbsolid\u00a0\u00bb gradient_type=\u00a0\u00bbdefault\u00a0\u00bb][nectar_highlighted_text text_color=\u00a0\u00bb#228c72&Prime; style=\u00a0\u00bbnone\u00a0\u00bb font_size_tablet=\u00a0\u00bb6vw\u00a0\u00bb font_line_height=\u00a0\u00bb1.2&Prime;]\n<h1 data-v-3acf1a6d=\"\">FAQ<\/h1>\n[\/nectar_highlighted_text][\/vc_column_inner][\/vc_row_inner][vc_column_text]C\u2019est quand qu\u2019elle arrive ma commande ? Combien de temps dois-je attendre avant qu\u2019un mod\u00e8le soit \u00e0 nouveau disponible ? Ma s\u0153ur a d\u00e9j\u00e0 le mod\u00e8le que j\u2019ai command\u00e9 pour lui offrir, je peux le changer ?<br data-v-3acf1a6d=\"\" \/>Pour toutes les questions existentielles \u00e0 propos des Naturalistes, notre F.A.Q est l\u00e0.<br data-v-3acf1a6d=\"\" \/>Et si, par hasard, vous ne trouvez pas la r\u00e9ponse attendue, pas d\u2019inqui\u00e9tude, vous pouvez nous <a class=\"\" href=\"https:\/\/www.les-naturalistes.com\/contact\" data-v-3acf1a6d=\"\">envoyer vos questions<\/a> directement.[\/vc_column_text][divider line_type=\u00a0\u00bbSmall Line\u00a0\u00bb line_alignment=\u00a0\u00bbcenter\u00a0\u00bb line_thickness=\u00a0\u00bb1&Prime; divider_color=\u00a0\u00bbextra-color-3&Prime; animate=\u00a0\u00bbyes\u00a0\u00bb][\/vc_column][\/vc_row][vc_row type=\u00a0\u00bbfull_width_content\u00a0\u00bb full_screen_row_position=\u00a0\u00bbmiddle\u00a0\u00bb column_margin=\u00a0\u00bbdefault\u00a0\u00bb equal_height=\u00a0\u00bbyes\u00a0\u00bb content_placement=\u00a0\u00bbmiddle\u00a0\u00bb column_direction=\u00a0\u00bbdefault\u00a0\u00bb column_direction_tablet=\u00a0\u00bbdefault\u00a0\u00bb column_direction_phone=\u00a0\u00bbdefault\u00a0\u00bb bg_color=\u00a0\u00bb#ffffff\u00a0\u00bb scene_position=\u00a0\u00bbcenter\u00a0\u00bb top_padding=\u00a0\u00bb3%\u00a0\u00bb bottom_padding=\u00a0\u00bb12%\u00a0\u00bb left_padding_desktop=\u00a0\u00bb7vw\u00a0\u00bb constrain_group_2=\u00a0\u00bbyes\u00a0\u00bb right_padding_desktop=\u00a0\u00bb7vw\u00a0\u00bb text_color=\u00a0\u00bbdark\u00a0\u00bb text_align=\u00a0\u00bbleft\u00a0\u00bb row_border_radius=\u00a0\u00bbnone\u00a0\u00bb row_border_radius_applies=\u00a0\u00bbbg\u00a0\u00bb overflow=\u00a0\u00bbvisible\u00a0\u00bb advanced_gradient_angle=\u00a0\u00bb0&Prime; overlay_strength=\u00a0\u00bb0.8&Prime; gradient_direction=\u00a0\u00bbleft_to_right\u00a0\u00bb shape_divider_color=\u00a0\u00bb#000000&Prime; shape_divider_position=\u00a0\u00bbbottom\u00a0\u00bb shape_divider_height=\u00a0\u00bb99%\u00a0\u00bb bg_image_animation=\u00a0\u00bbnone\u00a0\u00bb shape_type=\u00a0\u00bbstraight_section\u00a0\u00bb gradient_type=\u00a0\u00bbdefault\u00a0\u00bb][vc_column left_padding_desktop=\u00a0\u00bb2vw\u00a0\u00bb column_element_direction_desktop=\u00a0\u00bbdefault\u00a0\u00bb column_element_spacing=\u00a0\u00bbdefault\u00a0\u00bb desktop_text_alignment=\u00a0\u00bbdefault\u00a0\u00bb tablet_text_alignment=\u00a0\u00bbdefault\u00a0\u00bb phone_text_alignment=\u00a0\u00bbdefault\u00a0\u00bb background_color_opacity=\u00a0\u00bb1&Prime; background_hover_color_opacity=\u00a0\u00bb1&Prime; column_backdrop_filter=\u00a0\u00bbnone\u00a0\u00bb column_shadow=\u00a0\u00bbnone\u00a0\u00bb column_border_radius=\u00a0\u00bbnone\u00a0\u00bb column_link_target=\u00a0\u00bb_self\u00a0\u00bb column_position=\u00a0\u00bbdefault\u00a0\u00bb advanced_gradient_angle=\u00a0\u00bb0&Prime; gradient_direction=\u00a0\u00bbleft_to_right\u00a0\u00bb overlay_strength=\u00a0\u00bb0.3&Prime; width=\u00a0\u00bb2\/3&Prime; tablet_width_inherit=\u00a0\u00bbdefault\u00a0\u00bb animation_type=\u00a0\u00bbdefault\u00a0\u00bb bg_image_animation=\u00a0\u00bbnone\u00a0\u00bb border_type=\u00a0\u00bbsimple\u00a0\u00bb column_border_width=\u00a0\u00bbnone\u00a0\u00bb column_border_style=\u00a0\u00bbsolid\u00a0\u00bb column_padding_type=\u00a0\u00bbadvanced\u00a0\u00bb gradient_type=\u00a0\u00bbdefault\u00a0\u00bb][toggles style=\u00a0\u00bbminimal\u00a0\u00bb accordion=\u00a0\u00bbtrue\u00a0\u00bb accordion_starting_functionality=\u00a0\u00bbdefault\u00a0\u00bb][toggle color=\u00a0\u00bbExtra-Color-3&Prime; heading_tag=\u00a0\u00bbh2&Prime; heading_tag_functionality=\u00a0\u00bbdefault\u00a0\u00bb title=\u00a0\u00bbEn quoi sont faits ces bijoux ?\u00a0\u00bb][vc_column_text]Nos bijoux sont en laiton dor\u00e9 \u00e0 l\u2019or fin 24 carats ou habill\u00e9 d\u2019argent. Certains mod\u00e8les sont accompagn\u00e9s de pierres fines (lapis lazuli, jaspe dalmatienne, h\u00e9matite, malachite\u2026) ou \u00e9maill\u00e9s. Ceci est pr\u00e9cis\u00e9 dans leur fiche produit.<br \/>\nAucun de nos mod\u00e8les ne contiennent de nickel.<br \/>\nAucun animal n\u2019a \u00e9t\u00e9 maltrait\u00e9 pendant leur fabrication. Promis.[\/vc_column_text][\/toggle][toggle color=\u00a0\u00bbExtra-Color-3&Prime; heading_tag=\u00a0\u00bbh2&Prime; heading_tag_functionality=\u00a0\u00bbdefault\u00a0\u00bb title=\u00a0\u00bbPourquoi est-il d\u00e9conseill\u00e9 de me baigner avec mes bijoux ?\u00a0\u00bb][vc_column_text]Nous travaillons avec des m\u00e9taux nobles et dans une d\u00e9marche de trouver un bon rapport qualit\u00e9\/prix. Aussi, nous privil\u00e9gions des finitions pr\u00e9cieuses : une dorure flash \u00e0 l&rsquo;or 24k et un plaquage argent 10 microns. Ces traitements font la qualit\u00e9 de rendu des bijoux que vous portez.<\/p>\n<p>Pour leur garantir une longue vie, il faut les traiter avec d\u00e9licatesse : \u00e9vitez les contacts r\u00e9guliers avec l\u2019eau (pas de douche ou de journ\u00e9e \u00e0 la mer, comme un Mogwai quoi) ou un produit (parfum, cr\u00e8me, solvant, liquide\u2026).<\/p>\n<p>Lorsque vous ne portez pas votre bijou, afin de le prot\u00e9ger des rayures, d\u00e9posez-le dans sa bo\u00eete \u00e0 l\u2019abri de la lumi\u00e8re et de l\u2019humidit\u00e9.[\/vc_column_text][\/toggle][toggle color=\u00a0\u00bbExtra-Color-3&Prime; heading_tag=\u00a0\u00bbh2&Prime; heading_tag_functionality=\u00a0\u00bbdefault\u00a0\u00bb title=\u00a0\u00bbEst-ce que les bijoux sont garantis ?\u00a0\u00bb][vc_column_text]Conform\u00e9ment aux articles 1641 \u00e0 1649 du Code Civil et \u00e0 l\u2019article L. 211-4 du Code de la Consommation, nous couvrons les d\u00e9fauts et dommages non caus\u00e9s par une utilisation inappropri\u00e9e ou l\u2019usure normale du bijou. La dorure \/ argenture est garantie 1 an et nous r\u00e9parons ou rempla\u00e7ons gratuitement les bijoux ab\u00eem\u00e9s (anneau qui se d\u00e9tache, pierre cass\u00e9e&#8230;) pendant 1 an \u00e9galement.<\/p>\n<p>Si vous souhaitez faire valoir la garantie, merci de nous contacter par email \u00e0 <a href=\"mailto:contact@les-naturalistes.com\">contact@les-naturalistes.com<\/a> en joignant une photo de votre bijou ab\u00eem\u00e9 ainsi que la date d\u2019achat.<br \/>\nNous vous indiquerons alors l&rsquo;adresse et les modalit\u00e9s de renvoi.[\/vc_column_text][\/toggle][toggle color=\u00a0\u00bbExtra-Color-3&Prime; heading_tag=\u00a0\u00bbh2&Prime; heading_tag_functionality=\u00a0\u00bbdefault\u00a0\u00bb title=\u00a0\u00bbComment se passe la livraison ?\u00a0\u00bb][vc_column_text]Nous livrons en France et dans le Monde. Les Naturalistes sont comme les sp\u00e9cimens pr\u00e9sent\u00e9s : <span style=\"color: #228c72;\">internationaux !<\/span><\/p>\n<h4><span style=\"color: #228c72;\">Pour la France :<\/span><\/h4>\n<p>Lors de votre achat, vous avez le choix entre deux modes de livraison :La livraison standard, qui correspond \u00e0 une exp\u00e9dition en lettre suivie.<br \/>\nSur demande, nous vous fournissons le lien de suivi qui vous permet de savoir o\u00f9 est votre bijou.<\/p>\n<p>Attention : ce mode d\u2019envoi, bon march\u00e9, permet juste le suivi de la lettre. Selon les conditions g\u00e9n\u00e9rales de vente de La Poste, \u201cen cas de manquement relatif au service de suivi, La Poste indemnise le client \u00e0 hauteur d\u2019une fois le taux du montant de l\u2019affranchissement.\u201d, donc un prix tr\u00e8s largement inf\u00e9rieur \u00e0 la valeur de votre commande. Le mode de livraison relevant de votre choix, Les Naturalistes ne pourront pas assumer la perte de votre commande. \u00c0 vous de voir donc.<br \/>\nSi votre commande atteint ou d\u00e9passe 140\u20ac, Les Naturalistes surclasse votre envoi en R2 (indemnit\u00e9s de 153\u20ac), sans frais suppl\u00e9mentaire pour vous.<\/p>\n<p>La livraison en recommand\u00e9, avec assurance : ce mode correspond \u00e0 un envoi par lettre recommand\u00e9 R2, avec remise contre signature.<br \/>\nVous aurez \u00e9galement acc\u00e8s \u00e0 un lien pour suivre le parcours de votre bijou.<br \/>\nSelon les conditions g\u00e9n\u00e9rales de vente de La Poste, l\u2019indemnisation forfaitaire en cas de perte ou d\u2019avarie est de 153\u20ac en R2.<br \/>\nSi la valeur de votre commande d\u00e9passe les 153\u20ac, Les Naturalistes surclasse votre envoi en R3 (indemnit\u00e9s de 458\u20ac), sans frais suppl\u00e9mentaire pour vous.<\/p>\n<h4><span style=\"color: #228c72;\">A l&rsquo;\u00e9tranger :<\/span><\/h4>\n<p>Une tarification sp\u00e9ciale s&rsquo;applique, en fonction du pays et des contraintes douani\u00e8res.[\/vc_column_text][\/toggle][toggle color=\u00a0\u00bbExtra-Color-3&Prime; heading_tag=\u00a0\u00bbh2&Prime; heading_tag_functionality=\u00a0\u00bbdefault\u00a0\u00bb title=\u00a0\u00bbQuels sont les d\u00e9lais de livraison ?\u00a0\u00bb][vc_column_text]Apr\u00e8s r\u00e9ception de votre paiement, votre commande sera exp\u00e9di\u00e9e sous 2 \u00e0 3 jours ouvr\u00e9s maximum. Suite \u00e0 cela, La Poste donne un d\u00e9lai indicatif de deux jours ouvr\u00e9s pour vous livrer.[\/vc_column_text][\/toggle][toggle color=\u00a0\u00bbExtra-Color-3&Prime; heading_tag=\u00a0\u00bbh2&Prime; heading_tag_functionality=\u00a0\u00bbdefault\u00a0\u00bb title=\u00a0\u00bbQuels sont les moyens de paiements accept\u00e9s sur le shop ?\u00a0\u00bb][vc_column_text]Le paiement de votre commande peut \u00eatre effectu\u00e9 par Carte Bleue ou au moyen de Paypal.<\/p>\n<p>Les paiements par cartes bancaires sont g\u00e9r\u00e9s et s\u00e9curis\u00e9s par notre prestataire <a href=\"https:\/\/stripe.com\/fr\/payments\">Stripe<\/a>.<strong><br \/>\nStripe est une infrastructure de paiement web s\u00e9curis\u00e9e.<br \/>\n<\/strong>Vos coordonn\u00e9es bancaires sont collect\u00e9es par ce prestataire qui utilise un algorithme de chiffrement (niveau 1 de certification PCI qui offre le niveau de s\u00e9curit\u00e9 le plus \u00e9lev\u00e9).<strong><br \/>\n<\/strong>Cette solution bancaire est certifi\u00e9e PCI DSS par VISA et MASTERCARD : cette norme standard de s\u00e9curit\u00e9 internationale assure la confidentialit\u00e9 et l\u2019int\u00e9grit\u00e9 des donn\u00e9es des porteurs de cartes, et s\u00e9curise ainsi la protection des donn\u00e9es concernant la carte et la transaction.<strong><br \/>\n<\/strong><\/p>\n<p>\u00c0 aucun moment, ni Les Naturalistes ni Stripe n\u2019ont acc\u00e8s \u00e0 votre num\u00e9ro de carte bancaire. Vos donn\u00e9es bancaires sont crypt\u00e9es selon les technologies SSL.[\/vc_column_text][\/toggle][toggle color=\u00a0\u00bbExtra-Color-3&Prime; heading_tag=\u00a0\u00bbh2&Prime; heading_tag_functionality=\u00a0\u00bbdefault\u00a0\u00bb title=\u00a0\u00bbOh non ! Le mod\u00e8le que je voulais n\u2019est plus en stock\u2026 Combien de temps dois-je attendre ?\u00a0\u00bb][vc_column_text]Si le mod\u00e8le que vous convoitez n\u2019est plus en stock, nous vous invitons \u00e0 <a href=\"https:\/\/les-naturalistes.com\/shop\/\">nous contacter<\/a> en n\u2019oubliant pas de pr\u00e9ciser duquel il s\u2019agit et dans quelle finition vous le souhaitez :)[\/vc_column_text][\/toggle][toggle color=\u00a0\u00bbExtra-Color-3&Prime; heading_tag=\u00a0\u00bbh2&Prime; heading_tag_functionality=\u00a0\u00bbdefault\u00a0\u00bb title=\u00a0\u00bbOups, j\u2019ai re\u00e7u mon bijou, mais j\u2019ai chang\u00e9 d\u2019avis, je fais quoi ?\u00a0\u00bb][vc_column_text]Vous \u00eates s\u00fbr ? Regardez-le bien, il est beau quand m\u00eame, non ? Ou vous n\u2019avez personne \u00e0 g\u00e2ter ? Bon, si vous voulez vraiment vous faire rembourser, vous devez nous contacter <a href=\"https:\/\/les-naturalistes.com\/shop\/contact\/\">par mail<\/a> et disposez d\u2019un d\u00e9lai de 14 jours ouvr\u00e9s \u00e0 compter de la date de livraison pour nous retourner votre commande, emball\u00e9e de mani\u00e8re \u00e0 ne pas \u00eatre endommag\u00e9e, \u00e0 l\u2019adresse que nous vous aurons indiqu\u00e9. Les frais de retour sont \u00e0 votre charge.<\/p>\n<p>Les produits doivent \u00eatre renvoy\u00e9s dans leur boite d\u2019origine emball\u00e9e avec soin (gardez le reste du contenu de l\u2019enveloppe, c\u2019est cadeau), \u00eatre complets, ne pas avoir \u00e9t\u00e9 port\u00e9s ou endommag\u00e9s, sous peine de refus de la reprise.<\/p>\n<p>Une fois votre retour r\u00e9ceptionn\u00e9 et v\u00e9rifi\u00e9, un remboursement sera effectu\u00e9 sur le compte d\u2019achat. Pour information, pour les remboursements de commande r\u00e9gl\u00e9es via Paypal, il peut s&rsquo;\u00e9couler un d\u00e9lai allant jusqu&rsquo;\u00e0 30 jours avant qu\u2019il n&rsquo;apparaisse sur votre relev\u00e9 bancaire. Et on esp\u00e8re vous revoir tr\u00e8s vite avec une nouvelle commande plus \u00e0 votre go\u00fbt :)[\/vc_column_text][\/toggle][toggle color=\u00a0\u00bbExtra-Color-3&Prime; heading_tag=\u00a0\u00bbh2&Prime; heading_tag_functionality=\u00a0\u00bbdefault\u00a0\u00bb title=\u00a0\u00bbLa grande question sur la vie, l&rsquo;univers et le reste\u2026\u00a0\u00bb][vc_column_text]42.[\/vc_column_text][\/toggle][\/toggles][\/vc_column][vc_column top_margin_tablet=\u00a0\u00bb10%\u00a0\u00bb column_element_direction_desktop=\u00a0\u00bbdefault\u00a0\u00bb column_element_spacing=\u00a0\u00bbdefault\u00a0\u00bb desktop_text_alignment=\u00a0\u00bbright\u00a0\u00bb tablet_text_alignment=\u00a0\u00bbdefault\u00a0\u00bb phone_text_alignment=\u00a0\u00bbdefault\u00a0\u00bb background_color_opacity=\u00a0\u00bb1&Prime; background_hover_color_opacity=\u00a0\u00bb1&Prime; column_backdrop_filter=\u00a0\u00bbnone\u00a0\u00bb column_shadow=\u00a0\u00bbnone\u00a0\u00bb column_border_radius=\u00a0\u00bbnone\u00a0\u00bb column_link_target=\u00a0\u00bb_self\u00a0\u00bb column_position=\u00a0\u00bbdefault\u00a0\u00bb advanced_gradient_angle=\u00a0\u00bb0&Prime; gradient_direction=\u00a0\u00bbleft_to_right\u00a0\u00bb overlay_strength=\u00a0\u00bb0.3&Prime; width=\u00a0\u00bb1\/3&Prime; tablet_width_inherit=\u00a0\u00bbdefault\u00a0\u00bb animation_type=\u00a0\u00bbdefault\u00a0\u00bb bg_image_animation=\u00a0\u00bbnone\u00a0\u00bb border_type=\u00a0\u00bbsimple\u00a0\u00bb column_border_width=\u00a0\u00bbnone\u00a0\u00bb column_border_style=\u00a0\u00bbsolid\u00a0\u00bb column_padding_type=\u00a0\u00bbadvanced\u00a0\u00bb gradient_type=\u00a0\u00bbdefault\u00a0\u00bb][image_with_animation image_url=\u00a0\u00bb34491&Prime; image_size=\u00a0\u00bbfull\u00a0\u00bb animation_type=\u00a0\u00bbentrance\u00a0\u00bb animation=\u00a0\u00bbNone\u00a0\u00bb animation_movement_type=\u00a0\u00bbtransform_y\u00a0\u00bb hover_animation=\u00a0\u00bbnone\u00a0\u00bb alignment=\u00a0\u00bbright\u00a0\u00bb border_radius=\u00a0\u00bbnone\u00a0\u00bb box_shadow=\u00a0\u00bbnone\u00a0\u00bb image_loading=\u00a0\u00bbdefault\u00a0\u00bb max_width=\u00a0\u00bb100%\u00a0\u00bb max_width_mobile=\u00a0\u00bbdefault\u00a0\u00bb margin_left=\u00a0\u00bb50&Prime; margin_left_phone=\u00a0\u00bb0&Prime;][\/vc_column][\/vc_row]\n","protected":false},"excerpt":{"rendered":"<p>[vc_row type=\u00a0\u00bbfull_width_content\u00a0\u00bb full_screen_row_position=\u00a0\u00bbmiddle\u00a0\u00bb column_margin=\u00a0\u00bbdefault\u00a0\u00bb column_direction=\u00a0\u00bbdefault\u00a0\u00bb column_direction_tablet=\u00a0\u00bbdefault\u00a0\u00bb column_direction_phone=\u00a0\u00bbdefault\u00a0\u00bb bg_color=\u00a0\u00bb#ffffff\u00a0\u00bb scene_position=\u00a0\u00bbcenter\u00a0\u00bb top_padding=\u00a0\u00bb8%\u00a0\u00bb left_padding_desktop=\u00a0\u00bb10%\u00a0\u00bb constrain_group_2=\u00a0\u00bbyes\u00a0\u00bb right_padding_desktop=\u00a0\u00bb10%\u00a0\u00bb text_color=\u00a0\u00bbdark\u00a0\u00bb text_align=\u00a0\u00bbcenter\u00a0\u00bb row_border_radius=\u00a0\u00bbnone\u00a0\u00bb row_border_radius_applies=\u00a0\u00bbbg\u00a0\u00bb overflow=\u00a0\u00bbvisible\u00a0\u00bb overlay_strength=\u00a0\u00bb0.3&Prime; gradient_direction=\u00a0\u00bbleft_to_right\u00a0\u00bb shape_divider_position=\u00a0\u00bbbottom\u00a0\u00bb bg_image_animation=\u00a0\u00bbnone\u00a0\u00bb gradient_type=\u00a0\u00bbdefault\u00a0\u00bb shape_type=\u00a0\u00bb\u00a0\u00bb][vc_column column_padding=\u00a0\u00bbno-extra-padding\u00a0\u00bb&#8230;<\/p>\n","protected":false},"author":1,"featured_media":0,"parent":0,"menu_order":0,"comment_status":"closed","ping_status":"closed","template":"","meta":{"footnotes":""},"class_list":["post-33996","page","type-page","status-publish"],"jetpack_sharing_enabled":true,"_links":{"self":[{"href":"https:\/\/les-naturalistes.com\/shop\/wp-json\/wp\/v2\/pages\/33996","targetHints":{"allow":["GET"]}}],"collection":[{"href":"https:\/\/les-naturalistes.com\/shop\/wp-json\/wp\/v2\/pages"}],"about":[{"href":"https:\/\/les-naturalistes.com\/shop\/wp-json\/wp\/v2\/types\/page"}],"author":[{"embeddable":true,"href":"https:\/\/les-naturalistes.com\/shop\/wp-json\/wp\/v2\/users\/1"}],"replies":[{"embeddable":true,"href":"https:\/\/les-naturalistes.com\/shop\/wp-json\/wp\/v2\/comments?post=33996"}],"version-history":[{"count":0,"href":"https:\/\/les-naturalistes.com\/shop\/wp-json\/wp\/v2\/pages\/33996\/revisions"}],"wp:attachment":[{"href":"https:\/\/les-naturalistes.com\/shop\/wp-json\/wp\/v2\/media?parent=33996"}],"curies":[{"name":"wp","href":"https:\/\/api.w.org\/{rel}","templated":true}]}}